{"id":2350,"date":"2022-07-21T20:55:47","date_gmt":"2022-07-22T01:55:47","guid":{"rendered":"https:\/\/imek.org.co\/new\/servicios-y-recursos\/"},"modified":"2022-11-30T14:45:30","modified_gmt":"2022-11-30T19:45:30","slug":"services-and-resources","status":"publish","type":"page","link":"https:\/\/imek.org.co\/en\/services-and-resources\/","title":{"rendered":"Services and resources"},"content":{"rendered":"\t\t<div data-elementor-type=\"wp-page\" data-elementor-id=\"2350\" class=\"elementor elementor-2350 elementor-1440\" data-elementor-post-type=\"page\">\n\t\t\t\t\t\t<section class=\"elementor-section elementor-top-section elementor-element elementor-element-5037e46 elementor-section-boxed elementor-section-height-default elementor-section-height-default\" data-id=\"5037e46\" data-element_type=\"section\" data-settings=\"{&quot;background_background&quot;:&quot;classic&quot;}\">\n\t\t\t\t\t\t<div class=\"elementor-container elementor-column-gap-default\">\n\t\t\t\t\t<div class=\"elementor-column elementor-col-100 elementor-top-column elementor-element elementor-element-a838c26\" data-id=\"a838c26\" data-element_type=\"column\">\n\t\t\t<div class=\"elementor-widget-wrap elementor-element-populated\">\n\t\t\t\t\t\t<div class=\"elementor-element elementor-element-4222b16 elementor-widget elementor-widget-heading\" data-id=\"4222b16\" data-element_type=\"widget\" data-widget_type=\"heading.default\">\n\t\t\t\t<div class=\"elementor-widget-container\">\n\t\t\t\t\t<h1 class=\"elementor-heading-title elementor-size-default\">Servicios \/ Recursos<\/h1>\t\t\t\t<\/div>\n\t\t\t\t<\/div>\n\t\t\t\t<div class=\"elementor-element elementor-element-76a1bab elementor-widget__width-auto elementor-widget elementor-widget-heading\" data-id=\"76a1bab\" data-element_type=\"widget\" data-widget_type=\"heading.default\">\n\t\t\t\t<div class=\"elementor-widget-container\">\n\t\t\t\t\t<h6 class=\"elementor-heading-title elementor-size-default\"><a href=\"https:\/\/imek.org.co\/home-2\/\">Home<\/a><\/h6>\t\t\t\t<\/div>\n\t\t\t\t<\/div>\n\t\t\t\t<div class=\"elementor-element elementor-element-8161a98 elementor-widget__width-auto elementor-widget elementor-widget-heading\" data-id=\"8161a98\" data-element_type=\"widget\" data-widget_type=\"heading.default\">\n\t\t\t\t<div class=\"elementor-widget-container\">\n\t\t\t\t\t<h6 class=\"elementor-heading-title elementor-size-default\">|<\/h6>\t\t\t\t<\/div>\n\t\t\t\t<\/div>\n\t\t\t\t<div class=\"elementor-element elementor-element-33f58cb elementor-widget__width-auto elementor-widget elementor-widget-heading\" data-id=\"33f58cb\" data-element_type=\"widget\" data-widget_type=\"heading.default\">\n\t\t\t\t<div class=\"elementor-widget-container\">\n\t\t\t\t\t<h6 class=\"elementor-heading-title elementor-size-default\">Servicios \/ Recursos<\/h6>\t\t\t\t<\/div>\n\t\t\t\t<\/div>\n\t\t\t\t\t<\/div>\n\t\t<\/div>\n\t\t\t\t\t<\/div>\n\t\t<\/section>\n\t\t\t\t<section class=\"elementor-section elementor-top-section elementor-element elementor-element-8f8818f elementor-section-boxed elementor-section-height-default elementor-section-height-default\" data-id=\"8f8818f\" data-element_type=\"section\" data-settings=\"{&quot;background_background&quot;:&quot;classic&quot;}\">\n\t\t\t\t\t\t<div class=\"elementor-container elementor-column-gap-default\">\n\t\t\t\t\t<div class=\"elementor-column elementor-col-100 elementor-top-column elementor-element elementor-element-9624a87\" data-id=\"9624a87\" data-element_type=\"column\">\n\t\t\t<div class=\"elementor-widget-wrap elementor-element-populated\">\n\t\t\t\t\t\t<div class=\"elementor-element elementor-element-2853986 elementor-widget elementor-widget-heading\" data-id=\"2853986\" data-element_type=\"widget\" data-widget_type=\"heading.default\">\n\t\t\t\t<div class=\"elementor-widget-container\">\n\t\t\t\t\t<span class=\"elementor-heading-title elementor-size-default\">Nuestros servicios<\/span>\t\t\t\t<\/div>\n\t\t\t\t<\/div>\n\t\t\t\t<div class=\"elementor-element elementor-element-942d045 elementor-widget elementor-widget-heading\" data-id=\"942d045\" data-element_type=\"widget\" data-widget_type=\"heading.default\">\n\t\t\t\t<div class=\"elementor-widget-container\">\n\t\t\t\t\t<h2 class=\"elementor-heading-title elementor-size-default\">Para garantizar la sostenibilidad de nuestra Fundaci\u00f3n ofrecemos los servicios a organizaciones en Colombia y en el exterior.<\/h2>\t\t\t\t<\/div>\n\t\t\t\t<\/div>\n\t\t\t\t<div class=\"elementor-element elementor-element-fb52668 elementor-widget elementor-widget-text-editor\" data-id=\"fb52668\" data-element_type=\"widget\" data-widget_type=\"text-editor.default\">\n\t\t\t\t<div class=\"elementor-widget-container\">\n\t\t\t\t\t\t\t\t\t<p>En IMEK Centro de Investigaci\u00f3n en Mercadeo &amp; Desarrollo tenemos experticia en mercadeo y comunicaci\u00f3n para el cambio y la transformaci\u00f3n. El objeto social de nuestra Fundaci\u00f3n incluye realizar investigaci\u00f3n independiente, fortalecer capacidades en investigaci\u00f3n y, generar redes de colaboraci\u00f3n para abordar problem\u00e1ticas relacionadas a Salud, Educaci\u00f3n y G\u00e9nero. <\/p>\n<p>Ofrecemos los siguientes servicios:<\/p>\t\t\t\t\t\t\t\t<\/div>\n\t\t\t\t<\/div>\n\t\t\t\t\t<\/div>\n\t\t<\/div>\n\t\t\t\t\t<\/div>\n\t\t<\/section>\n\t\t\t\t<section class=\"elementor-section elementor-top-section elementor-element elementor-element-9bd4b24 elementor-section-boxed elementor-section-height-default elementor-section-height-default\" data-id=\"9bd4b24\" data-element_type=\"section\">\n\t\t\t\t\t\t<div class=\"elementor-container elementor-column-gap-default\">\n\t\t\t\t\t<div class=\"elementor-column elementor-col-100 elementor-top-column elementor-element elementor-element-9cb13d5\" data-id=\"9cb13d5\" data-element_type=\"column\">\n\t\t\t<div class=\"elementor-widget-wrap elementor-element-populated\">\n\t\t\t\t\t\t<section class=\"elementor-section elementor-inner-section elementor-element elementor-element-9297e48 elementor-section-height-min-height elementor-section-boxed elementor-section-height-default\" data-id=\"9297e48\" data-element_type=\"section\">\n\t\t\t\t\t\t<div class=\"elementor-container elementor-column-gap-default\">\n\t\t\t\t\t<div class=\"elementor-column elementor-col-33 elementor-inner-column elementor-element elementor-element-d4e0801\" data-id=\"d4e0801\" data-element_type=\"column\">\n\t\t\t<div class=\"elementor-widget-wrap elementor-element-populated\">\n\t\t\t\t\t\t<div class=\"elementor-element elementor-element-7d660a7 elementor-view-default elementor-position-top elementor-mobile-position-top elementor-widget elementor-widget-icon-box\" data-id=\"7d660a7\" data-element_type=\"widget\" data-widget_type=\"icon-box.default\">\n\t\t\t\t<div class=\"elementor-widget-container\">\n\t\t\t\t\t\t\t<div class=\"elementor-icon-box-wrapper\">\n\n\t\t\t\t\t\t<div class=\"elementor-icon-box-icon\">\n\t\t\t\t<span  class=\"elementor-icon\">\n\t\t\t\t<svg xmlns=\"http:\/\/www.w3.org\/2000\/svg\" width=\"101\" height=\"100\" viewBox=\"0 0 101 100\" fill=\"none\"><path d=\"M8.19167 0H0.500122V7.69156H8.19167V0Z\" fill=\"#E5077E\"><\/path><path d=\"M38.9583 15.3831H46.6498V23.0747H54.3414V15.3831H62.0424V7.69156H69.7339V0H31.2667V7.69156H38.9583V15.3831Z\" fill=\"#E5077E\"><\/path><path d=\"M15.8841 7.69141H8.1925V15.383H15.8841V7.69141Z\" fill=\"#E5077E\"><\/path><path d=\"M23.5745 15.3838H15.8829V23.0754H23.5745V15.3838Z\" fill=\"#E5077E\"><\/path><path d=\"M31.2669 23.0742H23.5753V30.7658H31.2669V23.0742Z\" fill=\"#E5077E\"><\/path><path d=\"M100.499 0H92.8077V7.69156H100.499V0Z\" fill=\"#E5077E\"><\/path><path d=\"M92.8088 7.69141H85.1173V15.383H92.8088V7.69141Z\" fill=\"#E5077E\"><\/path><path d=\"M85.1165 15.3833H77.4249V23.0749H85.1165V15.3833Z\" fill=\"#E5077E\"><\/path><path d=\"M77.4251 23.0742H69.7335V30.7658H77.4251V23.0742Z\" fill=\"#E5077E\"><\/path><path d=\"M100.499 92.3086H92.8077V100H100.499V92.3086Z\" fill=\"#E5077E\"><\/path><path d=\"M62.0424 84.6169H54.3414V76.9253H46.6498V84.6169H38.9583V92.3084H31.2667V100H69.7339V92.3084H62.0424V84.6169Z\" fill=\"#E5077E\"><\/path><path d=\"M92.8088 84.6167H85.1173V92.3083H92.8088V84.6167Z\" fill=\"#E5077E\"><\/path><path d=\"M85.1165 76.9253H77.4249V84.6169H85.1165V76.9253Z\" fill=\"#E5077E\"><\/path><path d=\"M77.4251 69.2334H69.7335V76.925H77.4251V69.2334Z\" fill=\"#E5077E\"><\/path><path d=\"M8.19167 92.3081H0.500122V99.9997H8.19167V92.3081Z\" fill=\"#E5077E\"><\/path><path d=\"M15.8841 84.6167H8.1925V92.3083H15.8841V84.6167Z\" fill=\"#E5077E\"><\/path><path d=\"M23.5745 76.9253H15.8829V84.6169H23.5745V76.9253Z\" fill=\"#E5077E\"><\/path><path d=\"M31.2669 69.2334H23.5753V76.925H31.2669V69.2334Z\" fill=\"#E5077E\"><\/path><path d=\"M46.6487 46.1494H38.9572V53.841H46.6487V46.1494Z\" fill=\"#E5077E\"><\/path><path d=\"M54.3411 38.458H46.6495V46.1496H54.3411V38.458Z\" fill=\"#E5077E\"><\/path><path d=\"M54.3411 53.8408H46.6495V61.5324H54.3411V53.8408Z\" fill=\"#E5077E\"><\/path><path d=\"M62.0325 46.1494H54.3409V53.841H62.0325V46.1494Z\" fill=\"#E5077E\"><\/path><path d=\"M8.19167 61.5418H15.8832V53.8408H23.5748V46.1492H15.8832V38.4577H8.19167V30.7661H0.500122V69.2334H8.19167V61.5418Z\" fill=\"#E5077E\"><\/path><path d=\"M92.808 38.4577H85.1165V46.1492H77.4249V53.8408H85.1165V61.5418H92.808V69.2334H100.5V30.7661H92.808V38.4577Z\" fill=\"#E5077E\"><\/path><\/svg>\t\t\t\t<\/span>\n\t\t\t<\/div>\n\t\t\t\n\t\t\t\t\t\t<div class=\"elementor-icon-box-content\">\n\n\t\t\t\t\t\t\t\t\t<h4 class=\"elementor-icon-box-title\">\n\t\t\t\t\t\t<span  >\n\t\t\t\t\t\t\tAsesor\u00edas en investigaci\u00f3n\t\t\t\t\t\t<\/span>\n\t\t\t\t\t<\/h4>\n\t\t\t\t\n\t\t\t\t\t\t\t\t\t<p class=\"elementor-icon-box-description\">\n\t\t\t\t\t\tAcompa\u00f1amos a organizaciones civiles en el uso de metodolog\u00edas de\ninvestigaci\u00f3n para informar el desarrollo de sus programas sociales\t\t\t\t\t<\/p>\n\t\t\t\t\n\t\t\t<\/div>\n\t\t\t\n\t\t<\/div>\n\t\t\t\t\t\t<\/div>\n\t\t\t\t<\/div>\n\t\t\t\t\t<\/div>\n\t\t<\/div>\n\t\t\t\t<div class=\"elementor-column elementor-col-33 elementor-inner-column elementor-element elementor-element-3585910\" data-id=\"3585910\" data-element_type=\"column\">\n\t\t\t<div class=\"elementor-widget-wrap elementor-element-populated\">\n\t\t\t\t\t\t<div class=\"elementor-element elementor-element-ccf96e6 elementor-view-default elementor-position-top elementor-mobile-position-top elementor-widget elementor-widget-icon-box\" data-id=\"ccf96e6\" data-element_type=\"widget\" data-widget_type=\"icon-box.default\">\n\t\t\t\t<div class=\"elementor-widget-container\">\n\t\t\t\t\t\t\t<div class=\"elementor-icon-box-wrapper\">\n\n\t\t\t\t\t\t<div class=\"elementor-icon-box-icon\">\n\t\t\t\t<span  class=\"elementor-icon\">\n\t\t\t\t<svg xmlns=\"http:\/\/www.w3.org\/2000\/svg\" width=\"101\" height=\"100\" viewBox=\"0 0 101 100\" fill=\"none\"><path d=\"M38.967 0H31.2754V30.7664H38.967V0Z\" fill=\"#E5077E\"><\/path><path d=\"M38.967 69.2334H31.2754V99.9998H38.967V69.2334Z\" fill=\"#E5077E\"><\/path><path d=\"M69.7336 0H62.042V30.7664H69.7336V0Z\" fill=\"#E5077E\"><\/path><path d=\"M69.7336 69.2334H62.042V99.9998H69.7336V69.2334Z\" fill=\"#E5077E\"><\/path><path d=\"M31.2664 30.7661H0.5V38.4577H31.2664V30.7661Z\" fill=\"#E5077E\"><\/path><path d=\"M31.2664 61.5425H0.5V69.2341H31.2664V61.5425Z\" fill=\"#E5077E\"><\/path><path d=\"M100.501 30.7666H69.7344V38.4582H100.501V30.7666Z\" fill=\"#E5077E\"><\/path><path d=\"M100.501 61.5425H69.7344V69.2341H100.501V61.5425Z\" fill=\"#E5077E\"><\/path><path d=\"M31.2754 61.5419H38.967V69.2335H46.6586V61.5419V53.8408H31.2754V61.5419Z\" fill=\"#E5077E\"><\/path><path d=\"M69.7328 38.4582H62.0412V30.7666H54.3496V38.4582V46.1498H69.7328V38.4582Z\" fill=\"#E5077E\"><\/path><path d=\"M46.6586 30.7666H38.967V38.4582H31.2754V46.1498H46.6586V38.4582V30.7666Z\" fill=\"#E5077E\"><\/path><path d=\"M54.3508 46.1494H46.6592V53.841H54.3508V46.1494Z\" fill=\"#E5077E\"><\/path><path d=\"M85.1164 76.9253H77.4248V84.6169H85.1164V76.9253Z\" fill=\"#E5077E\"><\/path><path d=\"M85.1164 15.3833H77.4248V23.0749H85.1164V15.3833Z\" fill=\"#E5077E\"><\/path><path d=\"M92.8088 7.69141H85.1172V15.383H92.8088V7.69141Z\" fill=\"#E5077E\"><\/path><path d=\"M15.8928 7.69189H8.20117V15.3835H15.8928V7.69189Z\" fill=\"#E5077E\"><\/path><path d=\"M23.5842 15.3833H15.8926V23.0749H23.5842V15.3833Z\" fill=\"#E5077E\"><\/path><path d=\"M23.5842 76.9253H15.8926V84.6169H23.5842V76.9253Z\" fill=\"#E5077E\"><\/path><path d=\"M15.8928 84.6172H8.20117V92.3088H15.8928V84.6172Z\" fill=\"#E5077E\"><\/path><path d=\"M92.8088 84.6172H85.1172V92.3088H92.8088V84.6172Z\" fill=\"#E5077E\"><\/path><path d=\"M54.3496 69.2335H62.0412V61.5419H69.7328V53.8408H54.3496V61.5419V69.2335Z\" fill=\"#E5077E\"><\/path><\/svg>\t\t\t\t<\/span>\n\t\t\t<\/div>\n\t\t\t\n\t\t\t\t\t\t<div class=\"elementor-icon-box-content\">\n\n\t\t\t\t\t\t\t\t\t<h4 class=\"elementor-icon-box-title\">\n\t\t\t\t\t\t<span  >\n\t\t\t\t\t\t\tConsultor\u00edas en investigaci\u00f3n cualitativa\t\t\t\t\t\t<\/span>\n\t\t\t\t\t<\/h4>\n\t\t\t\t\n\t\t\t\t\t\t\t\t\t<p class=\"elementor-icon-box-description\">\n\t\t\t\t\t\tDise\u00f1amos y realizamos estudios formativos cualitativos, usando perspectivas de mercadeo, mercadeo social y comunicaci\u00f3n para el cambio social. Estos estudios pueden informar programas sociales.\t\t\t\t\t<\/p>\n\t\t\t\t\n\t\t\t<\/div>\n\t\t\t\n\t\t<\/div>\n\t\t\t\t\t\t<\/div>\n\t\t\t\t<\/div>\n\t\t\t\t\t<\/div>\n\t\t<\/div>\n\t\t\t\t<div class=\"elementor-column elementor-col-33 elementor-inner-column elementor-element elementor-element-ff53b07\" data-id=\"ff53b07\" data-element_type=\"column\">\n\t\t\t<div class=\"elementor-widget-wrap elementor-element-populated\">\n\t\t\t\t\t\t<div class=\"elementor-element elementor-element-a7ecf0a elementor-view-default elementor-position-top elementor-mobile-position-top elementor-widget elementor-widget-icon-box\" data-id=\"a7ecf0a\" data-element_type=\"widget\" data-widget_type=\"icon-box.default\">\n\t\t\t\t<div class=\"elementor-widget-container\">\n\t\t\t\t\t\t\t<div class=\"elementor-icon-box-wrapper\">\n\n\t\t\t\t\t\t<div class=\"elementor-icon-box-icon\">\n\t\t\t\t<span  class=\"elementor-icon\">\n\t\t\t\t<svg xmlns=\"http:\/\/www.w3.org\/2000\/svg\" width=\"101\" height=\"100\" viewBox=\"0 0 101 100\" fill=\"none\"><path d=\"M0.5 0V7.69156V15.3831V23.0747H23.5769V15.3831H8.19227V7.69156H23.5769V0H8.19227H0.5Z\" fill=\"#E5077E\"><\/path><path d=\"M0.5 76.9253V84.6169V92.3084V100H23.5769V92.3084H8.19227V84.6169H23.5769V76.9253H8.19227H0.5Z\" fill=\"#E5077E\"><\/path><path d=\"M92.8074 0H77.4229V7.69156H92.8074V15.3831H77.4229V23.0747H100.5V15.3831V7.69156V0H92.8074Z\" fill=\"#E5077E\"><\/path><path d=\"M77.4229 76.9248V84.6164H92.8074V92.3079H77.4229V99.9995H100.5V92.3079V84.6164V76.9248H92.8074H77.4229Z\" fill=\"#E5077E\"><\/path><path d=\"M46.6532 0H38.9609V7.69228H46.6532V0Z\" fill=\"#E5077E\"><\/path><path d=\"M54.3456 7.69141H46.6533V15.3837H54.3456V7.69141Z\" fill=\"#E5077E\"><\/path><path d=\"M62.038 0H54.3457V7.69228H62.038V0Z\" fill=\"#E5077E\"><\/path><path d=\"M46.6532 15.3838H38.9609V23.0761H46.6532V15.3838Z\" fill=\"#E5077E\"><\/path><path d=\"M62.038 15.3838H54.3457V23.0761H62.038V15.3838Z\" fill=\"#E5077E\"><\/path><path d=\"M46.6532 76.9248H38.9609V84.6171H46.6532V76.9248Z\" fill=\"#E5077E\"><\/path><path d=\"M54.3456 84.6167H46.6533V92.309H54.3456V84.6167Z\" fill=\"#E5077E\"><\/path><path d=\"M62.038 76.9248H54.3457V84.6171H62.038V76.9248Z\" fill=\"#E5077E\"><\/path><path d=\"M46.6532 92.3086H38.9609V100.001H46.6532V92.3086Z\" fill=\"#E5077E\"><\/path><path d=\"M62.038 92.3086H54.3457V100.001H62.038V92.3086Z\" fill=\"#E5077E\"><\/path><path d=\"M8.19227 38.458H0.5V46.1503H8.19227V38.458Z\" fill=\"#E5077E\"><\/path><path d=\"M15.8847 46.1494H8.19238V53.8417H15.8847V46.1494Z\" fill=\"#E5077E\"><\/path><path d=\"M23.577 38.458H15.8848V46.1503H23.577V38.458Z\" fill=\"#E5077E\"><\/path><path d=\"M8.19227 53.8408H0.5V61.5331H8.19227V53.8408Z\" fill=\"#E5077E\"><\/path><path d=\"M23.577 53.8408H15.8848V61.5331H23.577V53.8408Z\" fill=\"#E5077E\"><\/path><path d=\"M85.1151 38.458H77.4229V46.1503H85.1151V38.458Z\" fill=\"#E5077E\"><\/path><path d=\"M92.8075 46.1494H85.1152V53.8417H92.8075V46.1494Z\" fill=\"#E5077E\"><\/path><path d=\"M100.5 38.458H92.8076V46.1503H100.5V38.458Z\" fill=\"#E5077E\"><\/path><path d=\"M85.1151 53.8408H77.4229V61.5331H85.1151V53.8408Z\" fill=\"#E5077E\"><\/path><path d=\"M100.5 53.8408H92.8076V61.5331H100.5V53.8408Z\" fill=\"#E5077E\"><\/path><path d=\"M38.9609 38.458V61.5327H62.0378V38.458H38.9609ZM54.3455 53.8411H46.6532V46.1496H54.3455V53.8411Z\" fill=\"#E5077E\"><\/path><\/svg>\t\t\t\t<\/span>\n\t\t\t<\/div>\n\t\t\t\n\t\t\t\t\t\t<div class=\"elementor-icon-box-content\">\n\n\t\t\t\t\t\t\t\t\t<h4 class=\"elementor-icon-box-title\">\n\t\t\t\t\t\t<span  >\n\t\t\t\t\t\t\tCapacitaciones\t\t\t\t\t\t<\/span>\n\t\t\t\t\t<\/h4>\n\t\t\t\t\n\t\t\t\t\t\t\t\t\t<p class=\"elementor-icon-box-description\">\n\t\t\t\t\t\tDesarrollamos capacitaciones cortas personalizadas, para fortalecer las habilidades investigativas en mercadeo y comunicaci\u00f3n para el cambio, entre personas vinculadas a programas u organizaciones con fines sociales.\t\t\t\t\t<\/p>\n\t\t\t\t\n\t\t\t<\/div>\n\t\t\t\n\t\t<\/div>\n\t\t\t\t\t\t<\/div>\n\t\t\t\t<\/div>\n\t\t\t\t\t<\/div>\n\t\t<\/div>\n\t\t\t\t\t<\/div>\n\t\t<\/section>\n\t\t\t\t<div class=\"elementor-element elementor-element-adf49f4 elementor-widget elementor-widget-text-editor\" data-id=\"adf49f4\" data-element_type=\"widget\" data-widget_type=\"text-editor.default\">\n\t\t\t\t<div class=\"elementor-widget-container\">\n\t\t\t\t\t\t\t\t\t<p>Para mayor informaci\u00f3n, escr\u00edbenos a info@imek.org.co.<\/p>\n\t\t\t\t\t\t\t\t<\/div>\n\t\t\t\t<\/div>\n\t\t\t\t\t<\/div>\n\t\t<\/div>\n\t\t\t\t\t<\/div>\n\t\t<\/section>\n\t\t\t\t<\/div>\n\t\t","protected":false},"excerpt":{"rendered":"<p> [&hellip;]<\/p>\n","protected":false},"author":5,"featured_media":0,"parent":0,"menu_order":0,"comment_status":"closed","ping_status":"closed","template":"","meta":{"om_disable_all_campaigns":false,"_monsterinsights_skip_tracking":false,"_monsterinsights_sitenote_active":false,"_monsterinsights_sitenote_note":"","_monsterinsights_sitenote_category":0,"site-sidebar-layout":"no-sidebar","site-content-layout":"page-builder","ast-site-content-layout":"default","site-content-style":"default","site-sidebar-style":"default","ast-global-header-display":"","ast-banner-title-visibility":"","ast-main-header-display":"","ast-hfb-above-header-display":"","ast-hfb-below-header-display":"","ast-hfb-mobile-header-display":"","site-post-title":"disabled","ast-breadcrumbs-content":"","ast-featured-img":"disabled","footer-sml-layout":"","theme-transparent-header-meta":"","adv-header-id-meta":"","stick-header-meta":"","header-above-stick-meta":"","header-main-stick-meta":"","header-below-stick-meta":"","astra-migrate-meta-layouts":"default","ast-page-background-enabled":"default","ast-page-background-meta":{"desktop":{"background-color":"var(--ast-global-color-4)","background-image":"","background-repeat":"repeat","background-position":"center center","background-size":"auto","background-attachment":"scroll","background-type":"","background-media":"","overlay-type":"","overlay-color":"","overlay-opacity":"","overlay-gradient":""},"tablet":{"background-color":"","background-image":"","background-repeat":"repeat","background-position":"center center","background-size":"auto","background-attachment":"scroll","background-type":"","background-media":"","overlay-type":"","overlay-color":"","overlay-opacity":"","overlay-gradient":""},"mobile":{"background-color":"","background-image":"","background-repeat":"repeat","background-position":"center center","background-size":"auto","background-attachment":"scroll","background-type":"","background-media":"","overlay-type":"","overlay-color":"","overlay-opacity":"","overlay-gradient":""}},"ast-content-background-meta":{"desktop":{"background-color":"var(--ast-global-color-5)","background-image":"","background-repeat":"repeat","background-position":"center center","background-size":"auto","background-attachment":"scroll","background-type":"","background-media":"","overlay-type":"","overlay-color":"","overlay-opacity":"","overlay-gradient":""},"tablet":{"background-color":"var(--ast-global-color-5)","background-image":"","background-repeat":"repeat","background-position":"center center","background-size":"auto","background-attachment":"scroll","background-type":"","background-media":"","overlay-type":"","overlay-color":"","overlay-opacity":"","overlay-gradient":""},"mobile":{"background-color":"var(--ast-global-color-5)","background-image":"","background-repeat":"repeat","background-position":"center center","background-size":"auto","background-attachment":"scroll","background-type":"","background-media":"","overlay-type":"","overlay-color":"","overlay-opacity":"","overlay-gradient":""}},"_vp_format_video_url":"","_vp_image_focal_point":[],"footnotes":""},"class_list":["post-2350","page","type-page","status-publish","hentry"],"aioseo_notices":[],"jetpack_sharing_enabled":true,"_links":{"self":[{"href":"https:\/\/imek.org.co\/en\/wp-json\/wp\/v2\/pages\/2350","targetHints":{"allow":["GET"]}}],"collection":[{"href":"https:\/\/imek.org.co\/en\/wp-json\/wp\/v2\/pages"}],"about":[{"href":"https:\/\/imek.org.co\/en\/wp-json\/wp\/v2\/types\/page"}],"author":[{"embeddable":true,"href":"https:\/\/imek.org.co\/en\/wp-json\/wp\/v2\/users\/5"}],"replies":[{"embeddable":true,"href":"https:\/\/imek.org.co\/en\/wp-json\/wp\/v2\/comments?post=2350"}],"version-history":[{"count":2,"href":"https:\/\/imek.org.co\/en\/wp-json\/wp\/v2\/pages\/2350\/revisions"}],"predecessor-version":[{"id":3076,"href":"https:\/\/imek.org.co\/en\/wp-json\/wp\/v2\/pages\/2350\/revisions\/3076"}],"wp:attachment":[{"href":"https:\/\/imek.org.co\/en\/wp-json\/wp\/v2\/media?parent=2350"}],"curies":[{"name":"wp","href":"https:\/\/api.w.org\/{rel}","templated":true}]}}